{"id":1728,"date":"2023-06-06T17:32:21","date_gmt":"2023-06-06T15:32:21","guid":{"rendered":"https:\/\/immotecnics.com\/soluciones-immobiliarias\/cedula-de-habitabilidad\/"},"modified":"2025-01-30T14:57:08","modified_gmt":"2025-01-30T12:57:08","slug":"cedula-habitabilitat","status":"publish","type":"product","link":"https:\/\/immotecnics.com\/ca\/solucions\/cedula-habitabilitat\/","title":{"rendered":"Certificat d'habitabilitat (CHB)"},"content":{"rendered":"<p>Una c\u00e8dula d'habitabilitat \u00e9s un document legal que <strong>certifica que un habitatge compleix amb els requisits m\u00ednims d'habitabilitat i salubritat<\/strong> per a ser habitada. Aquest document \u00e9s expedit per les autoritats competents, com el govern local o regional, i \u00e9s necessari per a poder habitar un habitatge de manera legal. El seu objectiu \u00e9s garantir que els habitatges ofereixen condicions adequades per a la vida di\u00e0ria i la salut dels seus ocupants.<\/p>\n<ul>\n<li>Impr\u00e8s de sol\u00b7licitud.<\/li>\n<li>Justificant d'abonament de la c\u00e8dula corresponent.<\/li>\n<li>Fotoc\u00f2pia del DNI del propietari o representant autoritzat.<\/li>\n<li>C\u00f2pia d'escriptura de la propietat o contracte d'arrendament.<\/li>\n<li>Certificat d'habitabilitat o certificat de final d'obra i habitabilitat.<\/li>\n<\/ul>\n","protected":false},"excerpt":{"rendered":"<p>Una c\u00e8dula d'habitabilitat \u00e9s un document legal que certifica que un habitatge compleix amb els requisits m\u00ednims d'habitabilitat i salubritat per a ser habitada. Aquest document \u00e9s expedit per les autoritats competents, com el govern local o regional, i \u00e9s necessari per a poder habitar un habitatge de manera legal. El seu objectiu \u00e9s garantir [&hellip;]<\/p>\n","protected":false},"featured_media":1616,"comment_status":"open","ping_status":"closed","template":"","meta":{"_acf_changed":false},"product_brand":[],"product_cat":[144],"product_tag":[],"class_list":{"0":"post-1728","1":"product","2":"type-product","3":"status-publish","4":"has-post-thumbnail","6":"product_cat-gestio-eficient","8":"first","9":"instock","10":"virtual","11":"taxable","12":"purchasable","13":"product-type-simple"},"acf":[],"yoast_head":"<!-- This site is optimized with the Yoast SEO plugin v27.2 - https:\/\/yoast.com\/product\/yoast-seo-wordpress\/ -->\n<title>Certificat d&#039;habitabilitat (CHB) - Immot\u00e8cnics<\/title>\n<meta name=\"robots\" content=\"index, follow, max-snippet:-1, max-image-preview:large, max-video-preview:-1\" \/>\n<link rel=\"canonical\" href=\"https:\/\/immotecnics.com\/ca\/solucions\/cedula-habitabilitat\/\" \/>\n<meta property=\"og:locale\" content=\"ca_ES\" \/>\n<meta property=\"og:type\" content=\"article\" \/>\n<meta property=\"og:title\" content=\"Certificat d&#039;habitabilitat (CHB) - Immot\u00e8cnics\" \/>\n<meta property=\"og:description\" content=\"Una c\u00e8dula d&#039;habitabilitat \u00e9s un document legal que certifica que un habitatge compleix amb els requisits m\u00ednims d&#039;habitabilitat i salubritat per a ser habitada. Aquest document \u00e9s expedit per les autoritats competents, com el govern local o regional, i \u00e9s necessari per a poder habitar un habitatge de manera legal. El seu objectiu \u00e9s garantir [&hellip;]\" \/>\n<meta property=\"og:url\" content=\"https:\/\/immotecnics.com\/ca\/solucions\/cedula-habitabilitat\/\" \/>\n<meta property=\"og:site_name\" content=\"Immot\u00e8cnics\" \/>\n<meta property=\"article:publisher\" content=\"https:\/\/www.facebook.com\/immotecnics\/\" \/>\n<meta property=\"article:modified_time\" content=\"2025-01-30T12:57:08+00:00\" \/>\n<meta property=\"og:image\" content=\"https:\/\/immotecnics.com\/wp-content\/uploads\/2023\/06\/cedula-1.jpg\" \/>\n\t<meta property=\"og:image:width\" content=\"800\" \/>\n\t<meta property=\"og:image:height\" content=\"800\" \/>\n\t<meta property=\"og:image:type\" content=\"image\/jpeg\" \/>\n<meta name=\"twitter:card\" content=\"summary_large_image\" \/>\n<meta name=\"twitter:site\" content=\"@Immotecnics\" \/>\n<meta name=\"twitter:label1\" content=\"Temps estimat de lectura\" \/>\n\t<meta name=\"twitter:data1\" content=\"1 minut\" \/>\n<script type=\"application\/ld+json\" class=\"yoast-schema-graph\">{\"@context\":\"https:\/\/schema.org\",\"@graph\":[{\"@type\":\"WebPage\",\"@id\":\"https:\/\/immotecnics.com\/ca\/solucions\/cedula-habitabilitat\/\",\"url\":\"https:\/\/immotecnics.com\/ca\/solucions\/cedula-habitabilitat\/\",\"name\":\"Certificat d'habitabilitat (CHB) - Immot\u00e8cnics\",\"isPartOf\":{\"@id\":\"https:\/\/immotecnics.com\/ca\/#website\"},\"primaryImageOfPage\":{\"@id\":\"https:\/\/immotecnics.com\/ca\/solucions\/cedula-habitabilitat\/#primaryimage\"},\"image\":{\"@id\":\"https:\/\/immotecnics.com\/ca\/solucions\/cedula-habitabilitat\/#primaryimage\"},\"thumbnailUrl\":\"https:\/\/immotecnics.com\/wp-content\/uploads\/2023\/06\/cedula-1.jpg\",\"datePublished\":\"2023-06-06T15:32:21+00:00\",\"dateModified\":\"2025-01-30T12:57:08+00:00\",\"breadcrumb\":{\"@id\":\"https:\/\/immotecnics.com\/ca\/solucions\/cedula-habitabilitat\/#breadcrumb\"},\"inLanguage\":\"ca\",\"potentialAction\":[{\"@type\":\"ReadAction\",\"target\":[\"https:\/\/immotecnics.com\/ca\/solucions\/cedula-habitabilitat\/\"]}]},{\"@type\":\"ImageObject\",\"inLanguage\":\"ca\",\"@id\":\"https:\/\/immotecnics.com\/ca\/solucions\/cedula-habitabilitat\/#primaryimage\",\"url\":\"https:\/\/immotecnics.com\/wp-content\/uploads\/2023\/06\/cedula-1.jpg\",\"contentUrl\":\"https:\/\/immotecnics.com\/wp-content\/uploads\/2023\/06\/cedula-1.jpg\",\"width\":800,\"height\":800},{\"@type\":\"BreadcrumbList\",\"@id\":\"https:\/\/immotecnics.com\/ca\/solucions\/cedula-habitabilitat\/#breadcrumb\",\"itemListElement\":[{\"@type\":\"ListItem\",\"position\":1,\"name\":\"Home\",\"item\":\"https:\/\/immotecnics.com\/ca\/\"},{\"@type\":\"ListItem\",\"position\":2,\"name\":\"Solucions immobili\u00e0ries\",\"item\":\"https:\/\/immotecnics.com\/ca\/solucions-immobiliaries\/\"},{\"@type\":\"ListItem\",\"position\":3,\"name\":\"Certificat d'habitabilitat (CHB)\"}]},{\"@type\":\"WebSite\",\"@id\":\"https:\/\/immotecnics.com\/ca\/#website\",\"url\":\"https:\/\/immotecnics.com\/ca\/\",\"name\":\"Immot\u00e8cnics\",\"description\":\"Immobiliaria Real State\",\"publisher\":{\"@id\":\"https:\/\/immotecnics.com\/ca\/#organization\"},\"potentialAction\":[{\"@type\":\"SearchAction\",\"target\":{\"@type\":\"EntryPoint\",\"urlTemplate\":\"https:\/\/immotecnics.com\/ca\/?s={search_term_string}\"},\"query-input\":{\"@type\":\"PropertyValueSpecification\",\"valueRequired\":true,\"valueName\":\"search_term_string\"}}],\"inLanguage\":\"ca\"},{\"@type\":\"Organization\",\"@id\":\"https:\/\/immotecnics.com\/ca\/#organization\",\"name\":\"Immot\u00e8cnics\",\"url\":\"https:\/\/immotecnics.com\/ca\/\",\"logo\":{\"@type\":\"ImageObject\",\"inLanguage\":\"ca\",\"@id\":\"https:\/\/immotecnics.com\/ca\/#\/schema\/logo\/image\/\",\"url\":\"https:\/\/immotecnics.com\/wp-content\/uploads\/2023\/03\/cropped-favicon.png\",\"contentUrl\":\"https:\/\/immotecnics.com\/wp-content\/uploads\/2023\/03\/cropped-favicon.png\",\"width\":512,\"height\":512,\"caption\":\"Immot\u00e8cnics\"},\"image\":{\"@id\":\"https:\/\/immotecnics.com\/ca\/#\/schema\/logo\/image\/\"},\"sameAs\":[\"https:\/\/www.facebook.com\/immotecnics\/\",\"https:\/\/x.com\/Immotecnics\",\"https:\/\/www.linkedin.com\/company\/immotecnics\/?originalSubdomain=es\",\"https:\/\/www.instagram.com\/immotecnics\/\",\"https:\/\/www.youtube.com\/channel\/UCuui4F1ETMrBhYS7BbGrhGg\"]}]}<\/script>\n<!-- \/ Yoast SEO plugin. -->","yoast_head_json":{"title":"Certificat d'habitabilitat (CHB) - Immot\u00e8cnics","robots":{"index":"index","follow":"follow","max-snippet":"max-snippet:-1","max-image-preview":"max-image-preview:large","max-video-preview":"max-video-preview:-1"},"canonical":"https:\/\/immotecnics.com\/ca\/solucions\/cedula-habitabilitat\/","og_locale":"ca_ES","og_type":"article","og_title":"Certificat d'habitabilitat (CHB) - Immot\u00e8cnics","og_description":"Una c\u00e8dula d'habitabilitat \u00e9s un document legal que certifica que un habitatge compleix amb els requisits m\u00ednims d'habitabilitat i salubritat per a ser habitada. Aquest document \u00e9s expedit per les autoritats competents, com el govern local o regional, i \u00e9s necessari per a poder habitar un habitatge de manera legal. El seu objectiu \u00e9s garantir [&hellip;]","og_url":"https:\/\/immotecnics.com\/ca\/solucions\/cedula-habitabilitat\/","og_site_name":"Immot\u00e8cnics","article_publisher":"https:\/\/www.facebook.com\/immotecnics\/","article_modified_time":"2025-01-30T12:57:08+00:00","og_image":[{"width":800,"height":800,"url":"https:\/\/immotecnics.com\/wp-content\/uploads\/2023\/06\/cedula-1.jpg","type":"image\/jpeg"}],"twitter_card":"summary_large_image","twitter_site":"@Immotecnics","twitter_misc":{"Temps estimat de lectura":"1 minut"},"schema":{"@context":"https:\/\/schema.org","@graph":[{"@type":"WebPage","@id":"https:\/\/immotecnics.com\/ca\/solucions\/cedula-habitabilitat\/","url":"https:\/\/immotecnics.com\/ca\/solucions\/cedula-habitabilitat\/","name":"Certificat d'habitabilitat (CHB) - Immot\u00e8cnics","isPartOf":{"@id":"https:\/\/immotecnics.com\/ca\/#website"},"primaryImageOfPage":{"@id":"https:\/\/immotecnics.com\/ca\/solucions\/cedula-habitabilitat\/#primaryimage"},"image":{"@id":"https:\/\/immotecnics.com\/ca\/solucions\/cedula-habitabilitat\/#primaryimage"},"thumbnailUrl":"https:\/\/immotecnics.com\/wp-content\/uploads\/2023\/06\/cedula-1.jpg","datePublished":"2023-06-06T15:32:21+00:00","dateModified":"2025-01-30T12:57:08+00:00","breadcrumb":{"@id":"https:\/\/immotecnics.com\/ca\/solucions\/cedula-habitabilitat\/#breadcrumb"},"inLanguage":"ca","potentialAction":[{"@type":"ReadAction","target":["https:\/\/immotecnics.com\/ca\/solucions\/cedula-habitabilitat\/"]}]},{"@type":"ImageObject","inLanguage":"ca","@id":"https:\/\/immotecnics.com\/ca\/solucions\/cedula-habitabilitat\/#primaryimage","url":"https:\/\/immotecnics.com\/wp-content\/uploads\/2023\/06\/cedula-1.jpg","contentUrl":"https:\/\/immotecnics.com\/wp-content\/uploads\/2023\/06\/cedula-1.jpg","width":800,"height":800},{"@type":"BreadcrumbList","@id":"https:\/\/immotecnics.com\/ca\/solucions\/cedula-habitabilitat\/#breadcrumb","itemListElement":[{"@type":"ListItem","position":1,"name":"Home","item":"https:\/\/immotecnics.com\/ca\/"},{"@type":"ListItem","position":2,"name":"Solucions immobili\u00e0ries","item":"https:\/\/immotecnics.com\/ca\/solucions-immobiliaries\/"},{"@type":"ListItem","position":3,"name":"Certificat d'habitabilitat (CHB)"}]},{"@type":"WebSite","@id":"https:\/\/immotecnics.com\/ca\/#website","url":"https:\/\/immotecnics.com\/ca\/","name":"Immot\u00e8cnics","description":"Immobiliaria Real State","publisher":{"@id":"https:\/\/immotecnics.com\/ca\/#organization"},"potentialAction":[{"@type":"SearchAction","target":{"@type":"EntryPoint","urlTemplate":"https:\/\/immotecnics.com\/ca\/?s={search_term_string}"},"query-input":{"@type":"PropertyValueSpecification","valueRequired":true,"valueName":"search_term_string"}}],"inLanguage":"ca"},{"@type":"Organization","@id":"https:\/\/immotecnics.com\/ca\/#organization","name":"Immot\u00e8cnics","url":"https:\/\/immotecnics.com\/ca\/","logo":{"@type":"ImageObject","inLanguage":"ca","@id":"https:\/\/immotecnics.com\/ca\/#\/schema\/logo\/image\/","url":"https:\/\/immotecnics.com\/wp-content\/uploads\/2023\/03\/cropped-favicon.png","contentUrl":"https:\/\/immotecnics.com\/wp-content\/uploads\/2023\/03\/cropped-favicon.png","width":512,"height":512,"caption":"Immot\u00e8cnics"},"image":{"@id":"https:\/\/immotecnics.com\/ca\/#\/schema\/logo\/image\/"},"sameAs":["https:\/\/www.facebook.com\/immotecnics\/","https:\/\/x.com\/Immotecnics","https:\/\/www.linkedin.com\/company\/immotecnics\/?originalSubdomain=es","https:\/\/www.instagram.com\/immotecnics\/","https:\/\/www.youtube.com\/channel\/UCuui4F1ETMrBhYS7BbGrhGg"]}]}},"_links":{"self":[{"href":"https:\/\/immotecnics.com\/ca\/wp-json\/wp\/v2\/product\/1728","targetHints":{"allow":["GET"]}}],"collection":[{"href":"https:\/\/immotecnics.com\/ca\/wp-json\/wp\/v2\/product"}],"about":[{"href":"https:\/\/immotecnics.com\/ca\/wp-json\/wp\/v2\/types\/product"}],"replies":[{"embeddable":true,"href":"https:\/\/immotecnics.com\/ca\/wp-json\/wp\/v2\/comments?post=1728"}],"wp:featuredmedia":[{"embeddable":true,"href":"https:\/\/immotecnics.com\/ca\/wp-json\/wp\/v2\/media\/1616"}],"wp:attachment":[{"href":"https:\/\/immotecnics.com\/ca\/wp-json\/wp\/v2\/media?parent=1728"}],"wp:term":[{"taxonomy":"product_brand","embeddable":true,"href":"https:\/\/immotecnics.com\/ca\/wp-json\/wp\/v2\/product_brand?post=1728"},{"taxonomy":"product_cat","embeddable":true,"href":"https:\/\/immotecnics.com\/ca\/wp-json\/wp\/v2\/product_cat?post=1728"},{"taxonomy":"product_tag","embeddable":true,"href":"https:\/\/immotecnics.com\/ca\/wp-json\/wp\/v2\/product_tag?post=1728"}],"curies":[{"name":"wp","href":"https:\/\/api.w.org\/{rel}","templated":true}]}}