{"id":1724,"date":"2023-06-06T17:38:08","date_gmt":"2023-06-06T15:38:08","guid":{"rendered":"https:\/\/immotecnics.com\/soluciones-immobiliarias\/pack-cedula-certificado\/"},"modified":"2025-01-30T14:56:34","modified_gmt":"2025-01-30T12:56:34","slug":"pack-cedula-certificat","status":"publish","type":"product","link":"https:\/\/immotecnics.com\/ca\/solucions\/pack-cedula-certificat\/","title":{"rendered":"Pack CEE + CHB"},"content":{"rendered":"<ul>\n<li>Certificat energ\u00e8tic amb validesa de 10 anys i C\u00e8dula d'Habitabilitat amb validesa de 15 anys.<\/li>\n<li>Pack indivisible ( els dos documents han de ser per al mateix domicili ).<\/li>\n<li>Obligatori per a la publicaci\u00f3, venda i lloguer.<\/li>\n<li>Exclusiu per a habitatges de fins a 300 m\u00b2 de superf\u00edcie.<\/li>\n<li>Inclou la taxa de registre de l'organisme oficial Institut Catal\u00e0 de l'Energia i la taxa del registre de l'Ag\u00e8ncia de l'Habitatge.<\/li>\n<li>Servei exclusiu a Catalunya.<\/li>\n<\/ul>\n","protected":false},"excerpt":{"rendered":"<p>Certificat energ\u00e8tic amb validesa de 10 anys i C\u00e8dula d'Habitabilitat amb validesa de 15 anys. Pack indivisible ( els dos documents han de ser per al mateix domicili ). Obligatori per a la publicaci\u00f3, venda i lloguer. Exclusiu per a habitatges de fins a 300 m\u00b2 de superf\u00edcie. Inclou la taxa de registre de l'organisme [&hellip;]<\/p>\n","protected":false},"featured_media":1720,"comment_status":"open","ping_status":"closed","template":"","meta":{"_acf_changed":false},"product_brand":[],"product_cat":[144],"product_tag":[],"class_list":{"0":"post-1724","1":"product","2":"type-product","3":"status-publish","4":"has-post-thumbnail","6":"product_cat-gestio-eficient","8":"first","9":"instock","10":"virtual","11":"taxable","12":"purchasable","13":"product-type-simple"},"acf":[],"yoast_head":"<!-- This site is optimized with the Yoast SEO plugin v27.2 - https:\/\/yoast.com\/product\/yoast-seo-wordpress\/ -->\n<title>Pack CEE + CHB - Immot\u00e8cnics<\/title>\n<meta name=\"robots\" content=\"index, follow, max-snippet:-1, max-image-preview:large, max-video-preview:-1\" \/>\n<link rel=\"canonical\" href=\"https:\/\/immotecnics.com\/ca\/solucions\/pack-cedula-certificat\/\" \/>\n<meta property=\"og:locale\" content=\"ca_ES\" \/>\n<meta property=\"og:type\" content=\"article\" \/>\n<meta property=\"og:title\" content=\"Pack CEE + CHB - Immot\u00e8cnics\" \/>\n<meta property=\"og:description\" content=\"Certificat energ\u00e8tic amb validesa de 10 anys i C\u00e8dula d&#039;Habitabilitat amb validesa de 15 anys. Pack indivisible ( els dos documents han de ser per al mateix domicili ). Obligatori per a la publicaci\u00f3, venda i lloguer. Exclusiu per a habitatges de fins a 300 m\u00b2 de superf\u00edcie. Inclou la taxa de registre de l&#039;organisme [&hellip;]\" \/>\n<meta property=\"og:url\" content=\"https:\/\/immotecnics.com\/ca\/solucions\/pack-cedula-certificat\/\" \/>\n<meta property=\"og:site_name\" content=\"Immot\u00e8cnics\" \/>\n<meta property=\"article:publisher\" content=\"https:\/\/www.facebook.com\/immotecnics\/\" \/>\n<meta property=\"article:modified_time\" content=\"2025-01-30T12:56:34+00:00\" \/>\n<meta property=\"og:image\" content=\"https:\/\/immotecnics.com\/wp-content\/uploads\/2023\/06\/pack.jpg\" \/>\n\t<meta property=\"og:image:width\" content=\"800\" \/>\n\t<meta property=\"og:image:height\" content=\"800\" \/>\n\t<meta property=\"og:image:type\" content=\"image\/jpeg\" \/>\n<meta name=\"twitter:card\" content=\"summary_large_image\" \/>\n<meta name=\"twitter:site\" content=\"@Immotecnics\" \/>\n<meta name=\"twitter:label1\" content=\"Temps estimat de lectura\" \/>\n\t<meta name=\"twitter:data1\" content=\"1 minut\" \/>\n<script type=\"application\/ld+json\" class=\"yoast-schema-graph\">{\"@context\":\"https:\/\/schema.org\",\"@graph\":[{\"@type\":\"WebPage\",\"@id\":\"https:\/\/immotecnics.com\/ca\/solucions\/pack-cedula-certificat\/\",\"url\":\"https:\/\/immotecnics.com\/ca\/solucions\/pack-cedula-certificat\/\",\"name\":\"Pack CEE + CHB - Immot\u00e8cnics\",\"isPartOf\":{\"@id\":\"https:\/\/immotecnics.com\/ca\/#website\"},\"primaryImageOfPage\":{\"@id\":\"https:\/\/immotecnics.com\/ca\/solucions\/pack-cedula-certificat\/#primaryimage\"},\"image\":{\"@id\":\"https:\/\/immotecnics.com\/ca\/solucions\/pack-cedula-certificat\/#primaryimage\"},\"thumbnailUrl\":\"https:\/\/immotecnics.com\/wp-content\/uploads\/2023\/06\/pack.jpg\",\"datePublished\":\"2023-06-06T15:38:08+00:00\",\"dateModified\":\"2025-01-30T12:56:34+00:00\",\"breadcrumb\":{\"@id\":\"https:\/\/immotecnics.com\/ca\/solucions\/pack-cedula-certificat\/#breadcrumb\"},\"inLanguage\":\"ca\",\"potentialAction\":[{\"@type\":\"ReadAction\",\"target\":[\"https:\/\/immotecnics.com\/ca\/solucions\/pack-cedula-certificat\/\"]}]},{\"@type\":\"ImageObject\",\"inLanguage\":\"ca\",\"@id\":\"https:\/\/immotecnics.com\/ca\/solucions\/pack-cedula-certificat\/#primaryimage\",\"url\":\"https:\/\/immotecnics.com\/wp-content\/uploads\/2023\/06\/pack.jpg\",\"contentUrl\":\"https:\/\/immotecnics.com\/wp-content\/uploads\/2023\/06\/pack.jpg\",\"width\":800,\"height\":800},{\"@type\":\"BreadcrumbList\",\"@id\":\"https:\/\/immotecnics.com\/ca\/solucions\/pack-cedula-certificat\/#breadcrumb\",\"itemListElement\":[{\"@type\":\"ListItem\",\"position\":1,\"name\":\"Home\",\"item\":\"https:\/\/immotecnics.com\/ca\/\"},{\"@type\":\"ListItem\",\"position\":2,\"name\":\"Solucions immobili\u00e0ries\",\"item\":\"https:\/\/immotecnics.com\/ca\/solucions-immobiliaries\/\"},{\"@type\":\"ListItem\",\"position\":3,\"name\":\"Pack CEE + CHB\"}]},{\"@type\":\"WebSite\",\"@id\":\"https:\/\/immotecnics.com\/ca\/#website\",\"url\":\"https:\/\/immotecnics.com\/ca\/\",\"name\":\"Immot\u00e8cnics\",\"description\":\"Immobiliaria Real State\",\"publisher\":{\"@id\":\"https:\/\/immotecnics.com\/ca\/#organization\"},\"potentialAction\":[{\"@type\":\"SearchAction\",\"target\":{\"@type\":\"EntryPoint\",\"urlTemplate\":\"https:\/\/immotecnics.com\/ca\/?s={search_term_string}\"},\"query-input\":{\"@type\":\"PropertyValueSpecification\",\"valueRequired\":true,\"valueName\":\"search_term_string\"}}],\"inLanguage\":\"ca\"},{\"@type\":\"Organization\",\"@id\":\"https:\/\/immotecnics.com\/ca\/#organization\",\"name\":\"Immot\u00e8cnics\",\"url\":\"https:\/\/immotecnics.com\/ca\/\",\"logo\":{\"@type\":\"ImageObject\",\"inLanguage\":\"ca\",\"@id\":\"https:\/\/immotecnics.com\/ca\/#\/schema\/logo\/image\/\",\"url\":\"https:\/\/immotecnics.com\/wp-content\/uploads\/2023\/03\/cropped-favicon.png\",\"contentUrl\":\"https:\/\/immotecnics.com\/wp-content\/uploads\/2023\/03\/cropped-favicon.png\",\"width\":512,\"height\":512,\"caption\":\"Immot\u00e8cnics\"},\"image\":{\"@id\":\"https:\/\/immotecnics.com\/ca\/#\/schema\/logo\/image\/\"},\"sameAs\":[\"https:\/\/www.facebook.com\/immotecnics\/\",\"https:\/\/x.com\/Immotecnics\",\"https:\/\/www.linkedin.com\/company\/immotecnics\/?originalSubdomain=es\",\"https:\/\/www.instagram.com\/immotecnics\/\",\"https:\/\/www.youtube.com\/channel\/UCuui4F1ETMrBhYS7BbGrhGg\"]}]}<\/script>\n<!-- \/ Yoast SEO plugin. -->","yoast_head_json":{"title":"Pack CEE + CHB - Immot\u00e8cnics","robots":{"index":"index","follow":"follow","max-snippet":"max-snippet:-1","max-image-preview":"max-image-preview:large","max-video-preview":"max-video-preview:-1"},"canonical":"https:\/\/immotecnics.com\/ca\/solucions\/pack-cedula-certificat\/","og_locale":"ca_ES","og_type":"article","og_title":"Pack CEE + CHB - Immot\u00e8cnics","og_description":"Certificat energ\u00e8tic amb validesa de 10 anys i C\u00e8dula d'Habitabilitat amb validesa de 15 anys. Pack indivisible ( els dos documents han de ser per al mateix domicili ). Obligatori per a la publicaci\u00f3, venda i lloguer. Exclusiu per a habitatges de fins a 300 m\u00b2 de superf\u00edcie. Inclou la taxa de registre de l'organisme [&hellip;]","og_url":"https:\/\/immotecnics.com\/ca\/solucions\/pack-cedula-certificat\/","og_site_name":"Immot\u00e8cnics","article_publisher":"https:\/\/www.facebook.com\/immotecnics\/","article_modified_time":"2025-01-30T12:56:34+00:00","og_image":[{"width":800,"height":800,"url":"https:\/\/immotecnics.com\/wp-content\/uploads\/2023\/06\/pack.jpg","type":"image\/jpeg"}],"twitter_card":"summary_large_image","twitter_site":"@Immotecnics","twitter_misc":{"Temps estimat de lectura":"1 minut"},"schema":{"@context":"https:\/\/schema.org","@graph":[{"@type":"WebPage","@id":"https:\/\/immotecnics.com\/ca\/solucions\/pack-cedula-certificat\/","url":"https:\/\/immotecnics.com\/ca\/solucions\/pack-cedula-certificat\/","name":"Pack CEE + CHB - Immot\u00e8cnics","isPartOf":{"@id":"https:\/\/immotecnics.com\/ca\/#website"},"primaryImageOfPage":{"@id":"https:\/\/immotecnics.com\/ca\/solucions\/pack-cedula-certificat\/#primaryimage"},"image":{"@id":"https:\/\/immotecnics.com\/ca\/solucions\/pack-cedula-certificat\/#primaryimage"},"thumbnailUrl":"https:\/\/immotecnics.com\/wp-content\/uploads\/2023\/06\/pack.jpg","datePublished":"2023-06-06T15:38:08+00:00","dateModified":"2025-01-30T12:56:34+00:00","breadcrumb":{"@id":"https:\/\/immotecnics.com\/ca\/solucions\/pack-cedula-certificat\/#breadcrumb"},"inLanguage":"ca","potentialAction":[{"@type":"ReadAction","target":["https:\/\/immotecnics.com\/ca\/solucions\/pack-cedula-certificat\/"]}]},{"@type":"ImageObject","inLanguage":"ca","@id":"https:\/\/immotecnics.com\/ca\/solucions\/pack-cedula-certificat\/#primaryimage","url":"https:\/\/immotecnics.com\/wp-content\/uploads\/2023\/06\/pack.jpg","contentUrl":"https:\/\/immotecnics.com\/wp-content\/uploads\/2023\/06\/pack.jpg","width":800,"height":800},{"@type":"BreadcrumbList","@id":"https:\/\/immotecnics.com\/ca\/solucions\/pack-cedula-certificat\/#breadcrumb","itemListElement":[{"@type":"ListItem","position":1,"name":"Home","item":"https:\/\/immotecnics.com\/ca\/"},{"@type":"ListItem","position":2,"name":"Solucions immobili\u00e0ries","item":"https:\/\/immotecnics.com\/ca\/solucions-immobiliaries\/"},{"@type":"ListItem","position":3,"name":"Pack CEE + CHB"}]},{"@type":"WebSite","@id":"https:\/\/immotecnics.com\/ca\/#website","url":"https:\/\/immotecnics.com\/ca\/","name":"Immot\u00e8cnics","description":"Immobiliaria Real State","publisher":{"@id":"https:\/\/immotecnics.com\/ca\/#organization"},"potentialAction":[{"@type":"SearchAction","target":{"@type":"EntryPoint","urlTemplate":"https:\/\/immotecnics.com\/ca\/?s={search_term_string}"},"query-input":{"@type":"PropertyValueSpecification","valueRequired":true,"valueName":"search_term_string"}}],"inLanguage":"ca"},{"@type":"Organization","@id":"https:\/\/immotecnics.com\/ca\/#organization","name":"Immot\u00e8cnics","url":"https:\/\/immotecnics.com\/ca\/","logo":{"@type":"ImageObject","inLanguage":"ca","@id":"https:\/\/immotecnics.com\/ca\/#\/schema\/logo\/image\/","url":"https:\/\/immotecnics.com\/wp-content\/uploads\/2023\/03\/cropped-favicon.png","contentUrl":"https:\/\/immotecnics.com\/wp-content\/uploads\/2023\/03\/cropped-favicon.png","width":512,"height":512,"caption":"Immot\u00e8cnics"},"image":{"@id":"https:\/\/immotecnics.com\/ca\/#\/schema\/logo\/image\/"},"sameAs":["https:\/\/www.facebook.com\/immotecnics\/","https:\/\/x.com\/Immotecnics","https:\/\/www.linkedin.com\/company\/immotecnics\/?originalSubdomain=es","https:\/\/www.instagram.com\/immotecnics\/","https:\/\/www.youtube.com\/channel\/UCuui4F1ETMrBhYS7BbGrhGg"]}]}},"_links":{"self":[{"href":"https:\/\/immotecnics.com\/ca\/wp-json\/wp\/v2\/product\/1724","targetHints":{"allow":["GET"]}}],"collection":[{"href":"https:\/\/immotecnics.com\/ca\/wp-json\/wp\/v2\/product"}],"about":[{"href":"https:\/\/immotecnics.com\/ca\/wp-json\/wp\/v2\/types\/product"}],"replies":[{"embeddable":true,"href":"https:\/\/immotecnics.com\/ca\/wp-json\/wp\/v2\/comments?post=1724"}],"wp:featuredmedia":[{"embeddable":true,"href":"https:\/\/immotecnics.com\/ca\/wp-json\/wp\/v2\/media\/1720"}],"wp:attachment":[{"href":"https:\/\/immotecnics.com\/ca\/wp-json\/wp\/v2\/media?parent=1724"}],"wp:term":[{"taxonomy":"product_brand","embeddable":true,"href":"https:\/\/immotecnics.com\/ca\/wp-json\/wp\/v2\/product_brand?post=1724"},{"taxonomy":"product_cat","embeddable":true,"href":"https:\/\/immotecnics.com\/ca\/wp-json\/wp\/v2\/product_cat?post=1724"},{"taxonomy":"product_tag","embeddable":true,"href":"https:\/\/immotecnics.com\/ca\/wp-json\/wp\/v2\/product_tag?post=1724"}],"curies":[{"name":"wp","href":"https:\/\/api.w.org\/{rel}","templated":true}]}}