{"id":1704,"date":"2023-06-06T17:42:29","date_gmt":"2023-06-06T15:42:29","guid":{"rendered":"https:\/\/immotecnics.com\/soluciones-immobiliarias\/contrato-de-alquiler\/"},"modified":"2024-11-21T11:41:58","modified_gmt":"2024-11-21T09:41:58","slug":"contracte-de-lloguer","status":"publish","type":"product","link":"https:\/\/immotecnics.com\/ca\/solucions\/contracte-de-lloguer\/","title":{"rendered":"Contracte de lloguer"},"content":{"rendered":"<ul>\n<li>Dades personals de la part venedora i compradora.<\/li>\n<li>Descripci\u00f3 i identificaci\u00f3 de l'immoble.<\/li>\n<li>Preu final de la compravenda i forma de pagament.<\/li>\n<li>Quantitat de diners del senyal o bestreta (que es descomptar\u00e0 del preu final).<\/li>\n<li>Temps m\u00e0xim per a formalitzar el contracte de compravenda.<\/li>\n<li>Comprom\u00eds de signar el contracte mitjan\u00e7ant escriptura p\u00fablica.<\/li>\n<li>Distribuci\u00f3 de les possibles despeses de la compravenda.<\/li>\n<li>Signatura de comprador i venedor.<\/li>\n<\/ul>\n","protected":false},"excerpt":{"rendered":"<p>Dades personals de la part venedora i compradora. Descripci\u00f3 i identificaci\u00f3 de l'immoble. Preu final de la compravenda i forma de pagament. Quantitat de diners del senyal o bestreta (que es descomptar\u00e0 del preu final). Temps m\u00e0xim per a formalitzar el contracte de compravenda. Comprom\u00eds de signar el contracte mitjan\u00e7ant escriptura p\u00fablica. Distribuci\u00f3 de les [&hellip;]<\/p>\n","protected":false},"featured_media":1628,"comment_status":"open","ping_status":"closed","template":"","meta":{"_acf_changed":false},"product_brand":[],"product_cat":[],"product_tag":[],"class_list":{"0":"post-1704","1":"product","2":"type-product","3":"status-publish","4":"has-post-thumbnail","7":"first","8":"instock","9":"virtual","10":"taxable","11":"purchasable","12":"product-type-simple"},"acf":[],"yoast_head":"<!-- This site is optimized with the Yoast SEO plugin v27.2 - https:\/\/yoast.com\/product\/yoast-seo-wordpress\/ -->\n<title>Contracte de lloguer - Immot\u00e8cnics<\/title>\n<meta name=\"robots\" content=\"index, follow, max-snippet:-1, max-image-preview:large, max-video-preview:-1\" \/>\n<link rel=\"canonical\" href=\"https:\/\/immotecnics.com\/ca\/solucions\/contracte-de-lloguer\/\" \/>\n<meta property=\"og:locale\" content=\"ca_ES\" \/>\n<meta property=\"og:type\" content=\"article\" \/>\n<meta property=\"og:title\" content=\"Contracte de lloguer - Immot\u00e8cnics\" \/>\n<meta property=\"og:description\" content=\"Dades personals de la part venedora i compradora. Descripci\u00f3 i identificaci\u00f3 de l&#039;immoble. Preu final de la compravenda i forma de pagament. Quantitat de diners del senyal o bestreta (que es descomptar\u00e0 del preu final). Temps m\u00e0xim per a formalitzar el contracte de compravenda. Comprom\u00eds de signar el contracte mitjan\u00e7ant escriptura p\u00fablica. Distribuci\u00f3 de les [&hellip;]\" \/>\n<meta property=\"og:url\" content=\"https:\/\/immotecnics.com\/ca\/solucions\/contracte-de-lloguer\/\" \/>\n<meta property=\"og:site_name\" content=\"Immot\u00e8cnics\" \/>\n<meta property=\"article:publisher\" content=\"https:\/\/www.facebook.com\/immotecnics\/\" \/>\n<meta property=\"article:modified_time\" content=\"2024-11-21T09:41:58+00:00\" \/>\n<meta property=\"og:image\" content=\"https:\/\/immotecnics.com\/wp-content\/uploads\/2023\/06\/contrato-alquiler.jpg\" \/>\n\t<meta property=\"og:image:width\" content=\"800\" \/>\n\t<meta property=\"og:image:height\" content=\"800\" \/>\n\t<meta property=\"og:image:type\" content=\"image\/jpeg\" \/>\n<meta name=\"twitter:card\" content=\"summary_large_image\" \/>\n<meta name=\"twitter:site\" content=\"@Immotecnics\" \/>\n<script type=\"application\/ld+json\" class=\"yoast-schema-graph\">{\"@context\":\"https:\/\/schema.org\",\"@graph\":[{\"@type\":\"WebPage\",\"@id\":\"https:\/\/immotecnics.com\/ca\/solucions\/contracte-de-lloguer\/\",\"url\":\"https:\/\/immotecnics.com\/ca\/solucions\/contracte-de-lloguer\/\",\"name\":\"Contracte de lloguer - Immot\u00e8cnics\",\"isPartOf\":{\"@id\":\"https:\/\/immotecnics.com\/ca\/#website\"},\"primaryImageOfPage\":{\"@id\":\"https:\/\/immotecnics.com\/ca\/solucions\/contracte-de-lloguer\/#primaryimage\"},\"image\":{\"@id\":\"https:\/\/immotecnics.com\/ca\/solucions\/contracte-de-lloguer\/#primaryimage\"},\"thumbnailUrl\":\"https:\/\/immotecnics.com\/wp-content\/uploads\/2023\/06\/contrato-alquiler.jpg\",\"datePublished\":\"2023-06-06T15:42:29+00:00\",\"dateModified\":\"2024-11-21T09:41:58+00:00\",\"breadcrumb\":{\"@id\":\"https:\/\/immotecnics.com\/ca\/solucions\/contracte-de-lloguer\/#breadcrumb\"},\"inLanguage\":\"ca\",\"potentialAction\":[{\"@type\":\"ReadAction\",\"target\":[\"https:\/\/immotecnics.com\/ca\/solucions\/contracte-de-lloguer\/\"]}]},{\"@type\":\"ImageObject\",\"inLanguage\":\"ca\",\"@id\":\"https:\/\/immotecnics.com\/ca\/solucions\/contracte-de-lloguer\/#primaryimage\",\"url\":\"https:\/\/immotecnics.com\/wp-content\/uploads\/2023\/06\/contrato-alquiler.jpg\",\"contentUrl\":\"https:\/\/immotecnics.com\/wp-content\/uploads\/2023\/06\/contrato-alquiler.jpg\",\"width\":800,\"height\":800},{\"@type\":\"BreadcrumbList\",\"@id\":\"https:\/\/immotecnics.com\/ca\/solucions\/contracte-de-lloguer\/#breadcrumb\",\"itemListElement\":[{\"@type\":\"ListItem\",\"position\":1,\"name\":\"Home\",\"item\":\"https:\/\/immotecnics.com\/ca\/\"},{\"@type\":\"ListItem\",\"position\":2,\"name\":\"Solucions immobili\u00e0ries\",\"item\":\"https:\/\/immotecnics.com\/ca\/solucions-immobiliaries\/\"},{\"@type\":\"ListItem\",\"position\":3,\"name\":\"Contracte de lloguer\"}]},{\"@type\":\"WebSite\",\"@id\":\"https:\/\/immotecnics.com\/ca\/#website\",\"url\":\"https:\/\/immotecnics.com\/ca\/\",\"name\":\"Immot\u00e8cnics\",\"description\":\"Immobiliaria Real State\",\"publisher\":{\"@id\":\"https:\/\/immotecnics.com\/ca\/#organization\"},\"potentialAction\":[{\"@type\":\"SearchAction\",\"target\":{\"@type\":\"EntryPoint\",\"urlTemplate\":\"https:\/\/immotecnics.com\/ca\/?s={search_term_string}\"},\"query-input\":{\"@type\":\"PropertyValueSpecification\",\"valueRequired\":true,\"valueName\":\"search_term_string\"}}],\"inLanguage\":\"ca\"},{\"@type\":\"Organization\",\"@id\":\"https:\/\/immotecnics.com\/ca\/#organization\",\"name\":\"Immot\u00e8cnics\",\"url\":\"https:\/\/immotecnics.com\/ca\/\",\"logo\":{\"@type\":\"ImageObject\",\"inLanguage\":\"ca\",\"@id\":\"https:\/\/immotecnics.com\/ca\/#\/schema\/logo\/image\/\",\"url\":\"https:\/\/immotecnics.com\/wp-content\/uploads\/2023\/03\/cropped-favicon.png\",\"contentUrl\":\"https:\/\/immotecnics.com\/wp-content\/uploads\/2023\/03\/cropped-favicon.png\",\"width\":512,\"height\":512,\"caption\":\"Immot\u00e8cnics\"},\"image\":{\"@id\":\"https:\/\/immotecnics.com\/ca\/#\/schema\/logo\/image\/\"},\"sameAs\":[\"https:\/\/www.facebook.com\/immotecnics\/\",\"https:\/\/x.com\/Immotecnics\",\"https:\/\/www.linkedin.com\/company\/immotecnics\/?originalSubdomain=es\",\"https:\/\/www.instagram.com\/immotecnics\/\",\"https:\/\/www.youtube.com\/channel\/UCuui4F1ETMrBhYS7BbGrhGg\"]}]}<\/script>\n<!-- \/ Yoast SEO plugin. -->","yoast_head_json":{"title":"Contracte de lloguer - Immot\u00e8cnics","robots":{"index":"index","follow":"follow","max-snippet":"max-snippet:-1","max-image-preview":"max-image-preview:large","max-video-preview":"max-video-preview:-1"},"canonical":"https:\/\/immotecnics.com\/ca\/solucions\/contracte-de-lloguer\/","og_locale":"ca_ES","og_type":"article","og_title":"Contracte de lloguer - Immot\u00e8cnics","og_description":"Dades personals de la part venedora i compradora. Descripci\u00f3 i identificaci\u00f3 de l'immoble. Preu final de la compravenda i forma de pagament. Quantitat de diners del senyal o bestreta (que es descomptar\u00e0 del preu final). Temps m\u00e0xim per a formalitzar el contracte de compravenda. Comprom\u00eds de signar el contracte mitjan\u00e7ant escriptura p\u00fablica. Distribuci\u00f3 de les [&hellip;]","og_url":"https:\/\/immotecnics.com\/ca\/solucions\/contracte-de-lloguer\/","og_site_name":"Immot\u00e8cnics","article_publisher":"https:\/\/www.facebook.com\/immotecnics\/","article_modified_time":"2024-11-21T09:41:58+00:00","og_image":[{"width":800,"height":800,"url":"https:\/\/immotecnics.com\/wp-content\/uploads\/2023\/06\/contrato-alquiler.jpg","type":"image\/jpeg"}],"twitter_card":"summary_large_image","twitter_site":"@Immotecnics","schema":{"@context":"https:\/\/schema.org","@graph":[{"@type":"WebPage","@id":"https:\/\/immotecnics.com\/ca\/solucions\/contracte-de-lloguer\/","url":"https:\/\/immotecnics.com\/ca\/solucions\/contracte-de-lloguer\/","name":"Contracte de lloguer - Immot\u00e8cnics","isPartOf":{"@id":"https:\/\/immotecnics.com\/ca\/#website"},"primaryImageOfPage":{"@id":"https:\/\/immotecnics.com\/ca\/solucions\/contracte-de-lloguer\/#primaryimage"},"image":{"@id":"https:\/\/immotecnics.com\/ca\/solucions\/contracte-de-lloguer\/#primaryimage"},"thumbnailUrl":"https:\/\/immotecnics.com\/wp-content\/uploads\/2023\/06\/contrato-alquiler.jpg","datePublished":"2023-06-06T15:42:29+00:00","dateModified":"2024-11-21T09:41:58+00:00","breadcrumb":{"@id":"https:\/\/immotecnics.com\/ca\/solucions\/contracte-de-lloguer\/#breadcrumb"},"inLanguage":"ca","potentialAction":[{"@type":"ReadAction","target":["https:\/\/immotecnics.com\/ca\/solucions\/contracte-de-lloguer\/"]}]},{"@type":"ImageObject","inLanguage":"ca","@id":"https:\/\/immotecnics.com\/ca\/solucions\/contracte-de-lloguer\/#primaryimage","url":"https:\/\/immotecnics.com\/wp-content\/uploads\/2023\/06\/contrato-alquiler.jpg","contentUrl":"https:\/\/immotecnics.com\/wp-content\/uploads\/2023\/06\/contrato-alquiler.jpg","width":800,"height":800},{"@type":"BreadcrumbList","@id":"https:\/\/immotecnics.com\/ca\/solucions\/contracte-de-lloguer\/#breadcrumb","itemListElement":[{"@type":"ListItem","position":1,"name":"Home","item":"https:\/\/immotecnics.com\/ca\/"},{"@type":"ListItem","position":2,"name":"Solucions immobili\u00e0ries","item":"https:\/\/immotecnics.com\/ca\/solucions-immobiliaries\/"},{"@type":"ListItem","position":3,"name":"Contracte de lloguer"}]},{"@type":"WebSite","@id":"https:\/\/immotecnics.com\/ca\/#website","url":"https:\/\/immotecnics.com\/ca\/","name":"Immot\u00e8cnics","description":"Immobiliaria Real State","publisher":{"@id":"https:\/\/immotecnics.com\/ca\/#organization"},"potentialAction":[{"@type":"SearchAction","target":{"@type":"EntryPoint","urlTemplate":"https:\/\/immotecnics.com\/ca\/?s={search_term_string}"},"query-input":{"@type":"PropertyValueSpecification","valueRequired":true,"valueName":"search_term_string"}}],"inLanguage":"ca"},{"@type":"Organization","@id":"https:\/\/immotecnics.com\/ca\/#organization","name":"Immot\u00e8cnics","url":"https:\/\/immotecnics.com\/ca\/","logo":{"@type":"ImageObject","inLanguage":"ca","@id":"https:\/\/immotecnics.com\/ca\/#\/schema\/logo\/image\/","url":"https:\/\/immotecnics.com\/wp-content\/uploads\/2023\/03\/cropped-favicon.png","contentUrl":"https:\/\/immotecnics.com\/wp-content\/uploads\/2023\/03\/cropped-favicon.png","width":512,"height":512,"caption":"Immot\u00e8cnics"},"image":{"@id":"https:\/\/immotecnics.com\/ca\/#\/schema\/logo\/image\/"},"sameAs":["https:\/\/www.facebook.com\/immotecnics\/","https:\/\/x.com\/Immotecnics","https:\/\/www.linkedin.com\/company\/immotecnics\/?originalSubdomain=es","https:\/\/www.instagram.com\/immotecnics\/","https:\/\/www.youtube.com\/channel\/UCuui4F1ETMrBhYS7BbGrhGg"]}]}},"_links":{"self":[{"href":"https:\/\/immotecnics.com\/ca\/wp-json\/wp\/v2\/product\/1704","targetHints":{"allow":["GET"]}}],"collection":[{"href":"https:\/\/immotecnics.com\/ca\/wp-json\/wp\/v2\/product"}],"about":[{"href":"https:\/\/immotecnics.com\/ca\/wp-json\/wp\/v2\/types\/product"}],"replies":[{"embeddable":true,"href":"https:\/\/immotecnics.com\/ca\/wp-json\/wp\/v2\/comments?post=1704"}],"wp:featuredmedia":[{"embeddable":true,"href":"https:\/\/immotecnics.com\/ca\/wp-json\/wp\/v2\/media\/1628"}],"wp:attachment":[{"href":"https:\/\/immotecnics.com\/ca\/wp-json\/wp\/v2\/media?parent=1704"}],"wp:term":[{"taxonomy":"product_brand","embeddable":true,"href":"https:\/\/immotecnics.com\/ca\/wp-json\/wp\/v2\/product_brand?post=1704"},{"taxonomy":"product_cat","embeddable":true,"href":"https:\/\/immotecnics.com\/ca\/wp-json\/wp\/v2\/product_cat?post=1704"},{"taxonomy":"product_tag","embeddable":true,"href":"https:\/\/immotecnics.com\/ca\/wp-json\/wp\/v2\/product_tag?post=1704"}],"curies":[{"name":"wp","href":"https:\/\/api.w.org\/{rel}","templated":true}]}}